{"id":1677,"date":"2025-11-28T16:55:49","date_gmt":"2025-11-28T16:55:49","guid":{"rendered":"https:\/\/jadeio.com\/product\/vintage-pair-chinese-ink-gouache-painting-framed-matted-22-x-12\/"},"modified":"2025-11-29T20:32:56","modified_gmt":"2025-11-29T20:32:56","slug":"vintage-pair-chinese-ink-gouache-painting-framed-matted-22-x-12","status":"publish","type":"product","link":"https:\/\/jadeio.com\/fr\/produit\/vintage-pair-chinese-ink-gouache-painting-framed-matted-22-x-12\/","title":{"rendered":"Paire de peintures chinoises \u00e0 l'encre et \u00e0 la gouache, encadr\u00e9es avec passe-partout, 22 x 12"},"content":{"rendered":"<p><!doctype html><\/p>\n<div>\n<p><b>I bought<\/b><b> <\/b><b>this pair of paintings from an estate sale in Michigan. The estate sale owner traveled around the world as a <\/b><b>professor<\/b><b>. He did have a lot of Chinese\/Asian art pieces. I know zero about these. I was drawn to them because I like how the <\/b><b>Matt<\/b><b> is offset. I also like<\/b><b> <\/b><b>the rectangle shape. These were professionally<\/b><b> re<\/b><b> and each measures 12 inches wide by 22 inches tall by 3\/4 of an inch thick. They have matting and they have glass. The wood around the frames is a little marked up. You can take a sharpie to fill in any of the marks.<\/b><\/p>\n<p><\/p>\n<p><b>Came from a smoke free environment. Please email me with any questions.<\/b><\/p>\n<\/div>","protected":false},"excerpt":{"rendered":"<p>I bought this pair of paintings from an estate sale in Michigan. The estate sale owner traveled around the world<\/p>","protected":false},"featured_media":1674,"comment_status":"open","ping_status":"closed","template":"","meta":[],"product_brand":[],"product_cat":[319,164],"product_tag":[],"class_list":{"0":"post-1677","1":"product","2":"type-product","3":"status-publish","4":"has-post-thumbnail","6":"product_cat-chinese-paintings","7":"product_cat-traditional-calligraphy-paintings","9":"first","10":"instock","11":"taxable","12":"shipping-taxable","13":"purchasable","14":"product-type-simple"},"_links":{"self":[{"href":"https:\/\/jadeio.com\/fr\/wp-json\/wp\/v2\/product\/1677","targetHints":{"allow":["GET"]}}],"collection":[{"href":"https:\/\/jadeio.com\/fr\/wp-json\/wp\/v2\/product"}],"about":[{"href":"https:\/\/jadeio.com\/fr\/wp-json\/wp\/v2\/types\/product"}],"replies":[{"embeddable":true,"href":"https:\/\/jadeio.com\/fr\/wp-json\/wp\/v2\/comments?post=1677"}],"version-history":[{"count":1,"href":"https:\/\/jadeio.com\/fr\/wp-json\/wp\/v2\/product\/1677\/revisions"}],"predecessor-version":[{"id":29863,"href":"https:\/\/jadeio.com\/fr\/wp-json\/wp\/v2\/product\/1677\/revisions\/29863"}],"wp:featuredmedia":[{"embeddable":true,"href":"https:\/\/jadeio.com\/fr\/wp-json\/wp\/v2\/media\/1674"}],"wp:attachment":[{"href":"https:\/\/jadeio.com\/fr\/wp-json\/wp\/v2\/media?parent=1677"}],"wp:term":[{"taxonomy":"product_brand","embeddable":true,"href":"https:\/\/jadeio.com\/fr\/wp-json\/wp\/v2\/product_brand?post=1677"},{"taxonomy":"product_cat","embeddable":true,"href":"https:\/\/jadeio.com\/fr\/wp-json\/wp\/v2\/product_cat?post=1677"},{"taxonomy":"product_tag","embeddable":true,"href":"https:\/\/jadeio.com\/fr\/wp-json\/wp\/v2\/product_tag?post=1677"}],"curies":[{"name":"wp","href":"https:\/\/api.w.org\/{rel}","templated":true}]}}