{"id":30215,"date":"2025-11-30T17:54:58","date_gmt":"2025-11-30T17:54:58","guid":{"rendered":"https:\/\/jadeio.com\/?page_id=30215"},"modified":"2025-11-30T18:27:34","modified_gmt":"2025-11-30T18:27:34","slug":"return-policy","status":"publish","type":"page","link":"https:\/\/jadeio.com\/fr\/return-policy\/","title":{"rendered":"Politique de retour"},"content":{"rendered":"<div data-elementor-type=\"wp-page\" data-elementor-id=\"30215\" class=\"elementor elementor-30215\">\n\t\t\t\t<div class=\"wd-negative-gap elementor-element elementor-element-7d017a4 e-flex e-con-boxed e-con e-parent\" data-id=\"7d017a4\" data-element_type=\"container\" data-e-type=\"container\">\n\t\t\t\t\t<div class=\"e-con-inner\">\n\t\t\t\t<div class=\"elementor-element elementor-element-c53e44d wd-width-100 elementor-widget elementor-widget-wd_title\" data-id=\"c53e44d\" data-element_type=\"widget\" data-e-type=\"widget\" data-widget_type=\"wd_title.default\">\n\t\t\t\t<div class=\"elementor-widget-container\">\n\t\t\t\t\t\t\t<div class=\"title-wrapper wd-set-mb reset-last-child wd-title-color-default wd-title-style-default wd-title-size-default text-center\">\n\n\t\t\t\n\t\t\t<div class=\"liner-continer\">\n\t\t\t\t<h4 class=\"woodmart-title-container title wd-fontsize-l\">Politique de retour<\/h4> \n\t\t\t\t\t\t\t<\/div>\n\n\t\t\t\t\t\t\t<div class=\"title-after_title reset-last-child wd-fontsize-xs\">\n\t\t\t\t\t<h1>\u00a0<\/h1>\t\t\t\t<\/div>\n\t\t\t\t\t<\/div>\n\t\t\t\t\t\t<\/div>\n\t\t\t\t<\/div>\n\t\t\t\t\t<\/div>\n\t\t\t\t<\/div>\n\t\t<div class=\"wd-negative-gap elementor-element elementor-element-4307f9f e-flex e-con-boxed e-con e-parent\" data-id=\"4307f9f\" data-element_type=\"container\" data-e-type=\"container\">\n\t\t\t\t\t<div class=\"e-con-inner\">\n\t\t\t\t<div class=\"elementor-element elementor-element-677e625 elementor-widget elementor-widget-wd_text_block\" data-id=\"677e625\" data-element_type=\"widget\" data-e-type=\"widget\" data-widget_type=\"wd_text_block.default\">\n\t\t\t\t<div class=\"elementor-widget-container\">\n\t\t\t\t\t\t\t<div class=\"wd-text-block reset-last-child text-left\">\n\t\t\t\n\t\t\t<p data-start=\"82\" data-end=\"115\"><strong data-start=\"82\" data-end=\"101\">Date d'entr\u00e9e en vigueur :<\/strong> [2024]<\/p><p data-start=\"117\" data-end=\"349\">\u00c0 <strong data-start=\"120\" data-end=\"140\">La clairi\u00e8re orientale<\/strong>, nous voulons que vous soyez enti\u00e8rement satisfait de votre achat. Si, pour quelque raison que ce soit, vous n'\u00eates pas satisfait de votre commande, nous serons heureux de vous aider \u00e0 effectuer un retour ou un \u00e9change conform\u00e9ment aux directives suivantes.<\/p><h3 data-start=\"351\" data-end=\"385\">1. <strong data-start=\"358\" data-end=\"385\">Conditions d'\u00e9ligibilit\u00e9 pour les retours<\/strong><\/h3><p data-start=\"386\" data-end=\"414\">Vous pouvez demander un retour si :<\/p><ul data-start=\"415\" data-end=\"652\"><li data-start=\"415\" data-end=\"472\"><p data-start=\"417\" data-end=\"472\">Le produit est endommag\u00e9, d\u00e9fectueux ou ne correspond pas \u00e0 la description.<\/p><\/li><li data-start=\"473\" data-end=\"534\"><p data-start=\"475\" data-end=\"534\">Vous nous contactez dans les <strong data-start=\"497\" data-end=\"508\">30 jours<\/strong> \u00e0 compter de la date de r\u00e9ception.<\/p><\/li><li data-start=\"535\" data-end=\"652\"><p data-start=\"537\" data-end=\"652\">Le produit est inutilis\u00e9, dans son emballage d'origine et dans un \u00e9tat permettant sa revente (sauf s'il a \u00e9t\u00e9 endommag\u00e9 lors de la livraison).<\/p><\/li><\/ul><h3 data-start=\"654\" data-end=\"685\">2. <strong data-start=\"661\" data-end=\"685\">Articles non retournables<\/strong><\/h3><p data-start=\"686\" data-end=\"757\">Certains articles sont <strong data-start=\"704\" data-end=\"722\">non retournable<\/strong> et <strong data-start=\"727\" data-end=\"745\">non remboursable<\/strong>, notamment :<\/p><ul data-start=\"758\" data-end=\"905\"><li data-start=\"758\" data-end=\"795\"><p data-start=\"760\" data-end=\"795\">Produits personnalis\u00e9s ou sur mesure<\/p><\/li><li data-start=\"796\" data-end=\"827\"><p data-start=\"798\" data-end=\"827\">Articles en solde ou en liquidation<\/p><\/li><li data-start=\"828\" data-end=\"840\"><p data-start=\"830\" data-end=\"840\">Cartes-cadeaux<\/p><\/li><li data-start=\"841\" data-end=\"905\"><p data-start=\"843\" data-end=\"905\">Articles qui ont \u00e9t\u00e9 utilis\u00e9s, modifi\u00e9s ou endommag\u00e9s par le client<\/p><\/li><\/ul><h3 data-start=\"907\" data-end=\"939\">3. <strong data-start=\"914\" data-end=\"939\">Comment retourner un article<\/strong><\/h3><p data-start=\"940\" data-end=\"1003\">Si vous souhaitez retourner un article, veuillez suivre les \u00e9tapes suivantes :<\/p><ol data-start=\"1004\" data-end=\"1670\"><li data-start=\"1004\" data-end=\"1148\"><p data-start=\"1007\" data-end=\"1148\"><strong data-start=\"1007\" data-end=\"1021\">Contactez-nous<\/strong>: Envoyez-nous un e-mail \u00e0 <strong data-start=\"1035\" data-end=\"1061\">[Ins\u00e9rer l'adresse e-mail]<\/strong> avec votre num\u00e9ro de commande, le ou les articles que vous souhaitez retourner et la raison du retour.<\/p><\/li><li data-start=\"1149\" data-end=\"1280\"><p data-start=\"1152\" data-end=\"1280\"><strong data-start=\"1152\" data-end=\"1176\">Autorisation de retour<\/strong>: Nous examinerons votre demande de retour et, si elle est recevable, nous vous enverrons une autorisation de retour et des instructions.<\/p><\/li><li data-start=\"1281\" data-end=\"1437\"><p data-start=\"1284\" data-end=\"1437\"><strong data-start=\"1284\" data-end=\"1307\">Emballer le produit<\/strong>: Veuillez vous assurer que le produit est soigneusement emball\u00e9 dans son \u00e9tat d'origine, avec tous ses accessoires, \u00e9tiquettes et emballages intacts.<\/p><\/li><li data-start=\"1438\" data-end=\"1670\"><p data-start=\"1441\" data-end=\"1670\"><strong data-start=\"1441\" data-end=\"1460\">Retour<\/strong>: Les frais de retour sont \u00e0 votre charge, sauf si l'article \u00e9tait d\u00e9fectueux ou a \u00e9t\u00e9 exp\u00e9di\u00e9 de mani\u00e8re incorrecte. Nous vous recommandons d'utiliser un service d'exp\u00e9dition avec suivi pour votre retour afin de vous assurer qu'il soit bien re\u00e7u.<\/p><\/li><\/ol><h3 data-start=\"1672\" data-end=\"1690\">4. <strong data-start=\"1679\" data-end=\"1690\">Remboursements<\/strong><\/h3><p data-start=\"1691\" data-end=\"1939\">Une fois que nous aurons re\u00e7u et inspect\u00e9 l'article retourn\u00e9, nous traiterons votre remboursement. Veuillez pr\u00e9voir un d\u00e9lai de <strong data-start=\"1780\" data-end=\"1802\">5 \u00e0 10 jours ouvrables<\/strong> pour que le remboursement soit cr\u00e9dit\u00e9 sur votre mode de paiement initial. Les frais d'exp\u00e9dition ne sont pas remboursables, sauf si le retour est d\u00fb \u00e0 une erreur de notre part.<\/p><ul data-start=\"1941\" data-end=\"2184\"><li data-start=\"1941\" data-end=\"2019\"><p data-start=\"1943\" data-end=\"2019\"><strong data-start=\"1943\" data-end=\"1960\">M\u00e9thode de remboursement<\/strong>Les remboursements seront effectu\u00e9s selon le mode de paiement initial.<\/p><\/li><li data-start=\"2020\" data-end=\"2184\"><p data-start=\"2022\" data-end=\"2184\"><strong data-start=\"2022\" data-end=\"2041\">Option d'\u00e9change<\/strong>Si vous pr\u00e9f\u00e9rez un \u00e9change plut\u00f4t qu'un remboursement, veuillez nous contacter pour discuter des options disponibles. Les \u00e9changes sont soumis \u00e0 la disponibilit\u00e9 des produits.<\/p><\/li><\/ul><h3 data-start=\"2186\" data-end=\"2223\">5. <strong data-start=\"2193\" data-end=\"2223\">Articles endommag\u00e9s ou d\u00e9fectueux<\/strong><\/h3><p data-start=\"2224\" data-end=\"2417\">Si votre article est endommag\u00e9 ou d\u00e9fectueux, veuillez nous en informer dans les <strong data-start=\"2286\" data-end=\"2296\">7 jours<\/strong> de r\u00e9ception. Nous vous fournirons gratuitement une \u00e9tiquette de retour et proc\u00e9derons \u00e0 un remboursement complet ou \u00e0 un remplacement.<\/p><h3 data-start=\"2419\" data-end=\"2451\">6. <strong data-start=\"2426\" data-end=\"2451\">Retours internationaux<\/strong><\/h3><p data-start=\"2452\" data-end=\"2493\">Pour les clients internationaux, veuillez noter :<\/p><ul data-start=\"2494\" data-end=\"2743\"><li data-start=\"2494\" data-end=\"2550\"><p data-start=\"2496\" data-end=\"2550\">Les frais de retour seront \u00e0 votre charge.<\/p><\/li><li data-start=\"2551\" data-end=\"2637\"><p data-start=\"2553\" data-end=\"2637\">Les droits de douane ou taxes associ\u00e9s au retour sont \u00e9galement \u00e0 votre charge.<\/p><\/li><li data-start=\"2638\" data-end=\"2743\"><p data-start=\"2640\" data-end=\"2743\">Nous ne pouvons garantir la disponibilit\u00e9 du produit \u00e0 \u00e9changer, et vous pourriez recevoir un remboursement \u00e0 la place.<\/p><\/li><\/ul><h3 data-start=\"2745\" data-end=\"2766\">7. <strong data-start=\"2752\" data-end=\"2766\">Contactez-nous<\/strong><\/h3><p data-start=\"2767\" data-end=\"2874\">Si vous avez des questions ou des pr\u00e9occupations concernant notre politique de retour, n'h\u00e9sitez pas \u00e0 nous contacter \u00e0 l'adresse suivante :<\/p><p data-start=\"2876\" data-end=\"3053\"><strong data-start=\"2876\" data-end=\"2886\">Courriel :<\/strong> [<u>lishasha<\/u><u>2503@gmail.com<\/u>]<br data-start=\"2909\" data-end=\"2912\" \/><strong data-start=\"2912\" data-end=\"2922\">T\u00e9l\u00e9phone :<\/strong> [+85265441635]<br data-start=\"2944\" data-end=\"2947\" \/><strong data-start=\"2947\" data-end=\"2959\">Adresse :<\/strong> Chambre 1610, Bloc D, Greenland Central Plaza, Gaomidian South, District de Daxing, P\u00e9kin, Chine<\/p>\n\t\t\t\t\t<\/div>\n\t\t\t\t\t\t<\/div>\n\t\t\t\t<\/div>\n\t\t\t\t\t<\/div>\n\t\t\t\t<\/div>\n\t\t\t\t<\/div>","protected":false},"excerpt":{"rendered":"<p>Return Policy \u00a0 Effective Date: [2024] At The Orient Glade, we want you to be completely satisfied with your purchase.<\/p>","protected":false},"author":1,"featured_media":0,"parent":0,"menu_order":0,"comment_status":"closed","ping_status":"closed","template":"","meta":{"footnotes":""},"class_list":["post-30215","page","type-page","status-publish","hentry"],"_links":{"self":[{"href":"https:\/\/jadeio.com\/fr\/wp-json\/wp\/v2\/pages\/30215","targetHints":{"allow":["GET"]}}],"collection":[{"href":"https:\/\/jadeio.com\/fr\/wp-json\/wp\/v2\/pages"}],"about":[{"href":"https:\/\/jadeio.com\/fr\/wp-json\/wp\/v2\/types\/page"}],"author":[{"embeddable":true,"href":"https:\/\/jadeio.com\/fr\/wp-json\/wp\/v2\/users\/1"}],"replies":[{"embeddable":true,"href":"https:\/\/jadeio.com\/fr\/wp-json\/wp\/v2\/comments?post=30215"}],"version-history":[{"count":4,"href":"https:\/\/jadeio.com\/fr\/wp-json\/wp\/v2\/pages\/30215\/revisions"}],"predecessor-version":[{"id":30220,"href":"https:\/\/jadeio.com\/fr\/wp-json\/wp\/v2\/pages\/30215\/revisions\/30220"}],"wp:attachment":[{"href":"https:\/\/jadeio.com\/fr\/wp-json\/wp\/v2\/media?parent=30215"}],"curies":[{"name":"wp","href":"https:\/\/api.w.org\/{rel}","templated":true}]}}