{"id":29,"date":"2025-01-14T12:03:05","date_gmt":"2025-01-14T12:03:05","guid":{"rendered":"https:\/\/dummy.xtemos.com\/woodmart2\/marketplace2-elementor\/?page_id=29"},"modified":"2025-11-30T17:44:56","modified_gmt":"2025-11-30T17:44:56","slug":"privacy-policy","status":"publish","type":"page","link":"https:\/\/jadeio.com\/fr\/privacy-policy\/","title":{"rendered":"Politique de confidentialit\u00e9"},"content":{"rendered":"<div data-elementor-type=\"wp-page\" data-elementor-id=\"29\" class=\"elementor elementor-29\">\n\t\t\t\t<div class=\"wd-negative-gap elementor-element elementor-element-0201e91 e-flex e-con-boxed e-con e-parent\" data-id=\"0201e91\" data-element_type=\"container\" data-e-type=\"container\">\n\t\t\t\t\t<div class=\"e-con-inner\">\n\t\t\t\t<div class=\"elementor-element elementor-element-7c7d54c wd-width-100 elementor-widget elementor-widget-wd_title\" data-id=\"7c7d54c\" data-element_type=\"widget\" data-e-type=\"widget\" data-widget_type=\"wd_title.default\">\n\t\t\t\t<div class=\"elementor-widget-container\">\n\t\t\t\t\t\t\t<div class=\"title-wrapper wd-set-mb reset-last-child wd-title-color-default wd-title-style-default wd-title-size-default text-center\">\n\n\t\t\t\n\t\t\t<div class=\"liner-continer\">\n\t\t\t\t<h4 class=\"woodmart-title-container title wd-fontsize-l\">Politique de confidentialit\u00e9<\/h4> \n\t\t\t\t\t\t\t<\/div>\n\n\t\t\t\t\t\t\t<div class=\"title-after_title reset-last-child wd-fontsize-xs\">\n\t\t\t\t\t<h1>\u00a0<\/h1>\t\t\t\t<\/div>\n\t\t\t\t\t<\/div>\n\t\t\t\t\t\t<\/div>\n\t\t\t\t<\/div>\n\t\t\t\t\t<\/div>\n\t\t\t\t<\/div>\n\t\t<div class=\"wd-negative-gap elementor-element elementor-element-0c3ee6e e-flex e-con-boxed e-con e-parent\" data-id=\"0c3ee6e\" data-element_type=\"container\" data-e-type=\"container\">\n\t\t\t\t\t<div class=\"e-con-inner\">\n\t\t\t\t<div class=\"elementor-element elementor-element-89a0d2b elementor-widget elementor-widget-wd_text_block\" data-id=\"89a0d2b\" data-element_type=\"widget\" data-e-type=\"widget\" data-widget_type=\"wd_text_block.default\">\n\t\t\t\t<div class=\"elementor-widget-container\">\n\t\t\t\t\t\t\t<div class=\"wd-text-block reset-last-child text-left\">\n\t\t\t\n\t\t\t<p data-start=\"94\" data-end=\"127\"><strong data-start=\"94\" data-end=\"113\">Date d'entr\u00e9e en vigueur :<\/strong> [2024]<\/p><p data-start=\"129\" data-end=\"436\">Bienvenue \u00e0 <strong data-start=\"140\" data-end=\"160\">La clairi\u00e8re orientale<\/strong>. Nous nous engageons \u00e0 prot\u00e9ger votre vie priv\u00e9e et vos donn\u00e9es personnelles. Afin de vous fournir notre site Web, nos services et nos produits, nous collectons et traitons vos informations. La pr\u00e9sente politique de confidentialit\u00e9 explique comment nous collectons, utilisons et prot\u00e9geons vos informations personnelles et d\u00e9crit vos droits.<\/p><h3 data-start=\"438\" data-end=\"471\">1. <strong data-start=\"445\" data-end=\"471\">Informations que nous recueillons<\/strong><\/h3><p data-start=\"473\" data-end=\"511\">Nous collectons deux types d'informations :<\/p><ul data-start=\"512\" data-end=\"888\"><li data-start=\"512\" data-end=\"693\"><p data-start=\"514\" data-end=\"693\"><strong data-start=\"514\" data-end=\"539\">Informations personnelles :<\/strong> Cela comprend les informations que vous nous fournissez volontairement lorsque vous utilisez nos services, telles que votre nom, votre adresse e-mail, votre num\u00e9ro de t\u00e9l\u00e9phone, votre adresse de livraison, etc.<\/p><\/li><li data-start=\"694\" data-end=\"888\"><p data-start=\"696\" data-end=\"888\"><strong data-start=\"696\" data-end=\"725\">Informations non personnelles :<\/strong> Nous collectons automatiquement certaines informations concernant votre visite et votre utilisation de notre site Web, telles que le type de navigateur, l'adresse IP, les informations sur l'appareil et l'heure d'acc\u00e8s.<\/p><\/li><\/ul><h3 data-start=\"890\" data-end=\"928\">2. <strong data-start=\"897\" data-end=\"928\">Comment nous utilisons vos informations<\/strong><\/h3><p data-start=\"930\" data-end=\"966\">Nous utilisons vos informations personnelles pour :<\/p><ul data-start=\"967\" data-end=\"1308\"><li data-start=\"967\" data-end=\"1034\"><p data-start=\"969\" data-end=\"1034\">Traiter les commandes et fournir les produits et services dont vous avez besoin ;<\/p><\/li><li data-start=\"1035\" data-end=\"1121\"><p data-start=\"1037\" data-end=\"1121\">Vous envoyer des notifications concernant les commandes, les mises \u00e0 jour de produits ou les activit\u00e9s promotionnelles ;<\/p><\/li><li data-start=\"1122\" data-end=\"1175\"><p data-start=\"1124\" data-end=\"1175\">Am\u00e9liorer notre site Web, nos services et l'exp\u00e9rience utilisateur ;<\/p><\/li><li data-start=\"1176\" data-end=\"1233\"><p data-start=\"1178\" data-end=\"1233\">Fournir un service client et r\u00e9pondre \u00e0 vos demandes ;<\/p><\/li><li data-start=\"1234\" data-end=\"1308\"><p data-start=\"1236\" data-end=\"1308\">Respecter nos obligations l\u00e9gales et prot\u00e9ger nos droits conform\u00e9ment \u00e0 la loi.<\/p><\/li><\/ul><h3 data-start=\"1310\" data-end=\"1352\">3. <strong data-start=\"1317\" data-end=\"1352\">Comment nous prot\u00e9geons vos informations<\/strong><\/h3><p data-start=\"1354\" data-end=\"1660\">Nous prenons les mesures techniques et organisationnelles appropri\u00e9es pour prot\u00e9ger vos informations personnelles contre tout acc\u00e8s non autoris\u00e9, toute divulgation, toute modification ou toute destruction. Toutes les informations sensibles (telles que les d\u00e9tails de carte de cr\u00e9dit) sont transmises via des canaux crypt\u00e9s et ne sont accessibles qu'au personnel autoris\u00e9.<\/p><p data-start=\"1662\" data-end=\"1856\">Cependant, bien que nous prenions les mesures de s\u00e9curit\u00e9 appropri\u00e9es, veuillez noter qu'Internet et la transmission de donn\u00e9es ne sont pas totalement s\u00e9curis\u00e9s, et que nous ne pouvons garantir la s\u00e9curit\u00e9 absolue des informations.<\/p><h3 data-start=\"1858\" data-end=\"1907\">4. <strong data-start=\"1865\" data-end=\"1907\">Partage d'informations avec des tiers<\/strong><\/h3><p data-start=\"1909\" data-end=\"2017\">Nous ne vendons, ne louons ni ne divulguons vos informations personnelles \u00e0 des tiers, sauf dans les cas suivants :<\/p><ul data-start=\"2018\" data-end=\"2673\"><li data-start=\"2018\" data-end=\"2372\"><p data-start=\"2020\" data-end=\"2372\"><strong data-start=\"2020\" data-end=\"2055\">Partage avec les prestataires de services :<\/strong> Nous pouvons partager vos informations avec des prestataires de services tiers qui nous aident dans l'h\u00e9bergement du site web, le traitement des paiements, la logistique et le service client. Ces prestataires de services ne sont autoris\u00e9s \u00e0 acc\u00e9der \u00e0 vos informations que dans la mesure n\u00e9cessaire \u00e0 la fourniture de leurs services et sont l\u00e9galement tenus de prot\u00e9ger votre vie priv\u00e9e.<\/p><\/li><li data-start=\"2373\" data-end=\"2517\"><p data-start=\"2375\" data-end=\"2517\"><strong data-start=\"2375\" data-end=\"2398\">Exigences l\u00e9gales :<\/strong> Nous pouvons divulguer vos informations personnelles afin de nous conformer \u00e0 des obligations l\u00e9gales, \u00e0 des demandes des forces de l'ordre ou \u00e0 des ordonnances judiciaires.<\/p><\/li><li data-start=\"2518\" data-end=\"2673\"><p data-start=\"2520\" data-end=\"2673\"><strong data-start=\"2520\" data-end=\"2543\">Transferts commerciaux :<\/strong> Si nous faisons l'objet d'une fusion, d'une acquisition ou d'une vente d'actifs, vos informations personnelles peuvent \u00eatre transf\u00e9r\u00e9es dans le cadre de cette transaction.<\/p><\/li><\/ul><h3 data-start=\"2675\" data-end=\"2697\">5. <strong data-start=\"2682\" data-end=\"2697\">Vos droits<\/strong><\/h3><p data-start=\"2699\" data-end=\"2771\">En fonction des lois applicables en mati\u00e8re de confidentialit\u00e9, vous pouvez b\u00e9n\u00e9ficier des droits suivants :<\/p><ul data-start=\"2772\" data-end=\"3261\"><li data-start=\"2772\" data-end=\"2840\"><p data-start=\"2774\" data-end=\"2840\"><strong data-start=\"2774\" data-end=\"2785\">Acc\u00e8s :<\/strong> Demandez l'acc\u00e8s aux donn\u00e9es personnelles que nous d\u00e9tenons \u00e0 votre sujet.<\/p><\/li><li data-start=\"2841\" data-end=\"2925\"><p data-start=\"2843\" data-end=\"2925\"><strong data-start=\"2843\" data-end=\"2858\">Correction :<\/strong> Demander la correction de toute donn\u00e9e personnelle inexacte ou incompl\u00e8te.<\/p><\/li><li data-start=\"2926\" data-end=\"3018\"><p data-start=\"2928\" data-end=\"3018\"><strong data-start=\"2928\" data-end=\"2941\">Suppression :<\/strong> Dans certaines circonstances, demander la suppression de vos informations personnelles.<\/p><\/li><li data-start=\"3019\" data-end=\"3114\"><p data-start=\"3021\" data-end=\"3114\"><strong data-start=\"3021\" data-end=\"3042\">Portabilit\u00e9 des donn\u00e9es :<\/strong> Demander le transfert de vos donn\u00e9es personnelles vers un autre prestataire de services.<\/p><\/li><li data-start=\"3115\" data-end=\"3261\"><p data-start=\"3117\" data-end=\"3261\"><strong data-start=\"3117\" data-end=\"3138\">Retirer son consentement :<\/strong> Si vous avez donn\u00e9 votre consentement au traitement de vos donn\u00e9es personnelles, vous avez le droit de retirer ce consentement \u00e0 tout moment.<\/p><\/li><\/ul><p data-start=\"3263\" data-end=\"3343\">Pour exercer ces droits, veuillez nous contacter \u00e0 l'adresse suivante : <strong data-start=\"3310\" data-end=\"3342\">[Ins\u00e9rer les coordonn\u00e9es]<\/strong>.<\/p><h3 data-start=\"3345\" data-end=\"3383\">6. <strong data-start=\"3352\" data-end=\"3383\">Transferts transfrontaliers de donn\u00e9es<\/strong><\/h3><p data-start=\"3385\" data-end=\"3683\">Nos serveurs sont situ\u00e9s en Chine, mais nous fournissons des services dans le monde entier. Par cons\u00e9quent, vos informations personnelles peuvent \u00eatre transf\u00e9r\u00e9es vers d'autres pays \u00e0 des fins de traitement. Nous veillerons \u00e0 ce que des mesures de s\u00e9curit\u00e9 appropri\u00e9es soient mises en place pour prot\u00e9ger vos informations personnelles contre tout acc\u00e8s ou divulgation non autoris\u00e9s.<\/p><h3 data-start=\"3685\" data-end=\"3716\">7. <strong data-start=\"3692\" data-end=\"3716\">Sites Web tiers<\/strong><\/h3><p data-start=\"3718\" data-end=\"3929\">Notre site Web peut contenir des liens vers des sites Web tiers. Nous ne sommes pas responsables des politiques de confidentialit\u00e9 ni du contenu de ces sites Web, et nous vous encourageons \u00e0 lire leurs politiques de confidentialit\u00e9 lorsque vous visitez ces sites.<\/p><h3 data-start=\"3931\" data-end=\"3949\">8. <strong data-start=\"3938\" data-end=\"3949\">Cookies<\/strong><\/h3><p data-start=\"3951\" data-end=\"4287\">Nous utilisons des cookies pour am\u00e9liorer votre exp\u00e9rience sur notre site Web. Les cookies sont de petits fichiers stock\u00e9s sur votre appareil qui nous aident \u00e0 reconna\u00eetre vos pr\u00e9f\u00e9rences de navigation, \u00e0 analyser le trafic sur le site Web et \u00e0 vous proposer des publicit\u00e9s personnalis\u00e9es. Si vous ne souhaitez pas accepter les cookies, vous pouvez les d\u00e9sactiver dans les param\u00e8tres de votre navigateur, mais cela peut affecter votre exp\u00e9rience utilisateur.<\/p><h3 data-start=\"4289\" data-end=\"4322\">9. <strong data-start=\"4296\" data-end=\"4322\">Modifications apport\u00e9es \u00e0 la pr\u00e9sente politique<\/strong><\/h3><p data-start=\"4324\" data-end=\"4537\">Nous pouvons mettre \u00e0 jour cette politique de confidentialit\u00e9 de temps \u00e0 autre. Nous vous informerons de tout changement en publiant la politique de confidentialit\u00e9 mise \u00e0 jour sur cette page. La politique de confidentialit\u00e9 mise \u00e0 jour entrera en vigueur imm\u00e9diatement apr\u00e8s sa publication.<\/p><h3 data-start=\"4539\" data-end=\"4561\">10. <strong data-start=\"4547\" data-end=\"4561\">Contactez-nous<\/strong><\/h3><p data-start=\"4563\" data-end=\"4674\">Si vous avez des questions ou des pr\u00e9occupations concernant notre politique de confidentialit\u00e9 ou nos pratiques en mati\u00e8re de protection des donn\u00e9es, veuillez nous contacter :<\/p><p data-start=\"4676\" data-end=\"4850\"><strong data-start=\"4676\" data-end=\"4686\">Courriel :<\/strong> [<u>lishasha<\/u><u>2503@gmail.com<\/u>]<br data-start=\"4706\" data-end=\"4709\" \/><strong data-start=\"4709\" data-end=\"4719\">T\u00e9l\u00e9phone :<\/strong> [+85265441635]<br data-start=\"4741\" data-end=\"4744\" \/><strong data-start=\"4744\" data-end=\"4756\">Adresse :<\/strong> Chambre 1610, Bloc D, Greenland Central Plaza, Gaomidian South, District de Daxing, P\u00e9kin, Chine<\/p>\n\t\t\t\t\t<\/div>\n\t\t\t\t\t\t<\/div>\n\t\t\t\t<\/div>\n\t\t\t\t\t<\/div>\n\t\t\t\t<\/div>\n\t\t\t\t<\/div>","protected":false},"excerpt":{"rendered":"<p>Privacy Policy \u00a0 Effective Date: [2024] Welcome to The Orient Glade. We are committed to protecting your privacy and personal<\/p>","protected":false},"author":1,"featured_media":0,"parent":0,"menu_order":0,"comment_status":"closed","ping_status":"closed","template":"","meta":{"footnotes":""},"class_list":["post-29","page","type-page","status-publish","hentry"],"_links":{"self":[{"href":"https:\/\/jadeio.com\/fr\/wp-json\/wp\/v2\/pages\/29","targetHints":{"allow":["GET"]}}],"collection":[{"href":"https:\/\/jadeio.com\/fr\/wp-json\/wp\/v2\/pages"}],"about":[{"href":"https:\/\/jadeio.com\/fr\/wp-json\/wp\/v2\/types\/page"}],"author":[{"embeddable":true,"href":"https:\/\/jadeio.com\/fr\/wp-json\/wp\/v2\/users\/1"}],"replies":[{"embeddable":true,"href":"https:\/\/jadeio.com\/fr\/wp-json\/wp\/v2\/comments?post=29"}],"version-history":[{"count":4,"href":"https:\/\/jadeio.com\/fr\/wp-json\/wp\/v2\/pages\/29\/revisions"}],"predecessor-version":[{"id":30213,"href":"https:\/\/jadeio.com\/fr\/wp-json\/wp\/v2\/pages\/29\/revisions\/30213"}],"wp:attachment":[{"href":"https:\/\/jadeio.com\/fr\/wp-json\/wp\/v2\/media?parent=29"}],"curies":[{"name":"wp","href":"https:\/\/api.w.org\/{rel}","templated":true}]}}