{"id":30215,"date":"2025-11-30T17:54:58","date_gmt":"2025-11-30T17:54:58","guid":{"rendered":"https:\/\/jadeio.com\/?page_id=30215"},"modified":"2025-11-30T18:27:34","modified_gmt":"2025-11-30T18:27:34","slug":"return-policy","status":"publish","type":"page","link":"https:\/\/jadeio.com\/es\/return-policy\/","title":{"rendered":"Return Policy"},"content":{"rendered":"<div data-elementor-type=\"wp-page\" data-elementor-id=\"30215\" class=\"elementor elementor-30215\">\n\t\t\t\t<div class=\"wd-negative-gap elementor-element elementor-element-7d017a4 e-flex e-con-boxed e-con e-parent\" data-id=\"7d017a4\" data-element_type=\"container\" data-e-type=\"container\">\n\t\t\t\t\t<div class=\"e-con-inner\">\n\t\t\t\t<div class=\"elementor-element elementor-element-c53e44d wd-width-100 elementor-widget elementor-widget-wd_title\" data-id=\"c53e44d\" data-element_type=\"widget\" data-e-type=\"widget\" data-widget_type=\"wd_title.default\">\n\t\t\t\t<div class=\"elementor-widget-container\">\n\t\t\t\t\t\t\t<div class=\"title-wrapper wd-set-mb reset-last-child wd-title-color-default wd-title-style-default wd-title-size-default text-center\">\n\n\t\t\t\n\t\t\t<div class=\"liner-continer\">\n\t\t\t\t<h4 class=\"woodmart-title-container title wd-fontsize-l\">Return Policy<\/h4> \n\t\t\t\t\t\t\t<\/div>\n\n\t\t\t\t\t\t\t<div class=\"title-after_title reset-last-child wd-fontsize-xs\">\n\t\t\t\t\t<h1>\u00a0<\/h1>\t\t\t\t<\/div>\n\t\t\t\t\t<\/div>\n\t\t\t\t\t\t<\/div>\n\t\t\t\t<\/div>\n\t\t\t\t\t<\/div>\n\t\t\t\t<\/div>\n\t\t<div class=\"wd-negative-gap elementor-element elementor-element-4307f9f e-flex e-con-boxed e-con e-parent\" data-id=\"4307f9f\" data-element_type=\"container\" data-e-type=\"container\">\n\t\t\t\t\t<div class=\"e-con-inner\">\n\t\t\t\t<div class=\"elementor-element elementor-element-677e625 elementor-widget elementor-widget-wd_text_block\" data-id=\"677e625\" data-element_type=\"widget\" data-e-type=\"widget\" data-widget_type=\"wd_text_block.default\">\n\t\t\t\t<div class=\"elementor-widget-container\">\n\t\t\t\t\t\t\t<div class=\"wd-text-block reset-last-child text-left\">\n\t\t\t\n\t\t\t<p data-start=\"82\" data-end=\"115\"><strong data-start=\"82\" data-end=\"101\">Fecha de entrada en vigor:<\/strong> [2024]<\/p><p data-start=\"117\" data-end=\"349\">En <strong data-start=\"120\" data-end=\"140\">El claro de Oriente<\/strong>, Queremos que quedes completamente satisfecho con tu compra. Si por cualquier motivo no est\u00e1s satisfecho con tu pedido, estaremos encantados de ayudarte con las devoluciones o cambios de acuerdo con las siguientes directrices.<\/p><h3 data-start=\"351\" data-end=\"385\">1. <strong data-start=\"358\" data-end=\"385\">Requisitos para realizar devoluciones<\/strong><\/h3><p data-start=\"386\" data-end=\"414\">Puede solicitar una devoluci\u00f3n si:<\/p><ul data-start=\"415\" data-end=\"652\"><li data-start=\"415\" data-end=\"472\"><p data-start=\"417\" data-end=\"472\">El producto est\u00e1 da\u00f1ado, defectuoso o no se ajusta a la descripci\u00f3n.<\/p><\/li><li data-start=\"473\" data-end=\"534\"><p data-start=\"475\" data-end=\"534\">Nos contactas dentro de <strong data-start=\"497\" data-end=\"508\">30 d\u00edas<\/strong> a partir de la fecha de recepci\u00f3n.<\/p><\/li><li data-start=\"535\" data-end=\"652\"><p data-start=\"537\" data-end=\"652\">El producto no ha sido utilizado, se encuentra en su embalaje original y en condiciones aptas para su reventa (a menos que haya sufrido da\u00f1os durante el env\u00edo).<\/p><\/li><\/ul><h3 data-start=\"654\" data-end=\"685\">2. <strong data-start=\"661\" data-end=\"685\">Art\u00edculos no retornables<\/strong><\/h3><p data-start=\"686\" data-end=\"757\">Ciertos art\u00edculos son <strong data-start=\"704\" data-end=\"722\">no retornable<\/strong> y <strong data-start=\"727\" data-end=\"745\">no reembolsable<\/strong>, incluyendo:<\/p><ul data-start=\"758\" data-end=\"905\"><li data-start=\"758\" data-end=\"795\"><p data-start=\"760\" data-end=\"795\">Productos personalizados o a medida<\/p><\/li><li data-start=\"796\" data-end=\"827\"><p data-start=\"798\" data-end=\"827\">Art\u00edculos en liquidaci\u00f3n o venta final<\/p><\/li><li data-start=\"828\" data-end=\"840\"><p data-start=\"830\" data-end=\"840\">Tarjetas regalo<\/p><\/li><li data-start=\"841\" data-end=\"905\"><p data-start=\"843\" data-end=\"905\">Art\u00edculos que han sido utilizados, modificados o da\u00f1ados por el cliente.<\/p><\/li><\/ul><h3 data-start=\"907\" data-end=\"939\">3. <strong data-start=\"914\" data-end=\"939\">C\u00f3mo devolver un art\u00edculo<\/strong><\/h3><p data-start=\"940\" data-end=\"1003\">Si desea devolver un art\u00edculo, siga estos pasos:<\/p><ol data-start=\"1004\" data-end=\"1670\"><li data-start=\"1004\" data-end=\"1148\"><p data-start=\"1007\" data-end=\"1148\"><strong data-start=\"1007\" data-end=\"1021\">Contact Us<\/strong>: Env\u00edenos un correo electr\u00f3nico a <strong data-start=\"1035\" data-end=\"1061\">[Insertar direcci\u00f3n de correo electr\u00f3nico]<\/strong> con su n\u00famero de pedido, los art\u00edculos que desea devolver y el motivo de la devoluci\u00f3n.<\/p><\/li><li data-start=\"1149\" data-end=\"1280\"><p data-start=\"1152\" data-end=\"1280\"><strong data-start=\"1152\" data-end=\"1176\">Autorizaci\u00f3n de devoluci\u00f3n<\/strong>: Revisaremos su solicitud de devoluci\u00f3n y, si cumple los requisitos, le enviaremos una autorizaci\u00f3n de devoluci\u00f3n y las instrucciones correspondientes.<\/p><\/li><li data-start=\"1281\" data-end=\"1437\"><p data-start=\"1284\" data-end=\"1437\"><strong data-start=\"1284\" data-end=\"1307\">Empaquetar el producto<\/strong>: Aseg\u00farese de que el producto est\u00e9 cuidadosamente embalado en su estado original, con todos los accesorios, etiquetas y embalaje intactos.<\/p><\/li><li data-start=\"1438\" data-end=\"1670\"><p data-start=\"1441\" data-end=\"1670\"><strong data-start=\"1441\" data-end=\"1460\">Env\u00edo de devoluci\u00f3n<\/strong>: Usted ser\u00e1 responsable de pagar los gastos de env\u00edo de la devoluci\u00f3n, a menos que el art\u00edculo fuera defectuoso o se enviara incorrectamente. Le recomendamos que utilice un servicio de env\u00edo con seguimiento para su devoluci\u00f3n, a fin de garantizar que se reciba.<\/p><\/li><\/ol><h3 data-start=\"1672\" data-end=\"1690\">4. <strong data-start=\"1679\" data-end=\"1690\">Reembolsos<\/strong><\/h3><p data-start=\"1691\" data-end=\"1939\">Una vez que recibamos e inspeccionemos el art\u00edculo devuelto, procesaremos su reembolso. Por favor, espere <strong data-start=\"1780\" data-end=\"1802\">5-10 d\u00edas h\u00e1biles<\/strong> para que el reembolso se abone en tu m\u00e9todo de pago original. Los gastos de env\u00edo no son reembolsables, a menos que la devoluci\u00f3n se deba a un error por nuestra parte.<\/p><ul data-start=\"1941\" data-end=\"2184\"><li data-start=\"1941\" data-end=\"2019\"><p data-start=\"1943\" data-end=\"2019\"><strong data-start=\"1943\" data-end=\"1960\">M\u00e9todo de reembolso<\/strong>Los reembolsos se procesar\u00e1n mediante el m\u00e9todo de pago original.<\/p><\/li><li data-start=\"2020\" data-end=\"2184\"><p data-start=\"2022\" data-end=\"2184\"><strong data-start=\"2022\" data-end=\"2041\">Opci\u00f3n de intercambio<\/strong>: Si prefiere un cambio en lugar de un reembolso, p\u00f3ngase en contacto con nosotros para discutir las opciones disponibles. Los cambios est\u00e1n sujetos a la disponibilidad del producto.<\/p><\/li><\/ul><h3 data-start=\"2186\" data-end=\"2223\">5. <strong data-start=\"2193\" data-end=\"2223\">Art\u00edculos da\u00f1ados o defectuosos<\/strong><\/h3><p data-start=\"2224\" data-end=\"2417\">Si su art\u00edculo est\u00e1 da\u00f1ado o defectuoso, por favor notif\u00edquenoslo en un plazo de <strong data-start=\"2286\" data-end=\"2296\">7 d\u00edas<\/strong> de recepci\u00f3n. Le proporcionaremos una etiqueta de env\u00edo de devoluci\u00f3n sin coste alguno para usted y procesaremos un reembolso completo o un reemplazo.<\/p><h3 data-start=\"2419\" data-end=\"2451\">6. <strong data-start=\"2426\" data-end=\"2451\">Devoluciones internacionales<\/strong><\/h3><p data-start=\"2452\" data-end=\"2493\">Para los clientes internacionales, tengan en cuenta lo siguiente:<\/p><ul data-start=\"2494\" data-end=\"2743\"><li data-start=\"2494\" data-end=\"2550\"><p data-start=\"2496\" data-end=\"2550\">Los gastos de env\u00edo de la devoluci\u00f3n correr\u00e1n a su cargo.<\/p><\/li><li data-start=\"2551\" data-end=\"2637\"><p data-start=\"2553\" data-end=\"2637\">Los aranceles aduaneros o impuestos asociados a la devoluci\u00f3n tambi\u00e9n son responsabilidad suya.<\/p><\/li><li data-start=\"2638\" data-end=\"2743\"><p data-start=\"2640\" data-end=\"2743\">No podemos garantizar la disponibilidad del producto para el cambio, y es posible que reciba un reembolso en su lugar.<\/p><\/li><\/ul><h3 data-start=\"2745\" data-end=\"2766\">7. <strong data-start=\"2752\" data-end=\"2766\">Contact Us<\/strong><\/h3><p data-start=\"2767\" data-end=\"2874\">Si tiene alguna pregunta o duda sobre nuestra pol\u00edtica de devoluciones, no dude en ponerse en contacto con nosotros en:<\/p><p data-start=\"2876\" data-end=\"3053\"><strong data-start=\"2876\" data-end=\"2886\">Correo electr\u00f3nico:<\/strong> [<u>lishasha<\/u><u>2503@gmail.com<\/u>]<br data-start=\"2909\" data-end=\"2912\" \/><strong data-start=\"2912\" data-end=\"2922\">Tel\u00e9fono:<\/strong> [+85265441635]<br data-start=\"2944\" data-end=\"2947\" \/><strong data-start=\"2947\" data-end=\"2959\">Direcci\u00f3n:<\/strong> Habitaci\u00f3n 1610, Bloque D, Greenland Central Plaza, Gaomidian South, Distrito de Daxing, Pek\u00edn, China<\/p>\n\t\t\t\t\t<\/div>\n\t\t\t\t\t\t<\/div>\n\t\t\t\t<\/div>\n\t\t\t\t\t<\/div>\n\t\t\t\t<\/div>\n\t\t\t\t<\/div>","protected":false},"excerpt":{"rendered":"<p>Return Policy \u00a0 Effective Date: [2024] At The Orient Glade, we want you to be completely satisfied with your purchase.<\/p>","protected":false},"author":1,"featured_media":0,"parent":0,"menu_order":0,"comment_status":"closed","ping_status":"closed","template":"","meta":{"footnotes":""},"class_list":["post-30215","page","type-page","status-publish","hentry"],"_links":{"self":[{"href":"https:\/\/jadeio.com\/es\/wp-json\/wp\/v2\/pages\/30215","targetHints":{"allow":["GET"]}}],"collection":[{"href":"https:\/\/jadeio.com\/es\/wp-json\/wp\/v2\/pages"}],"about":[{"href":"https:\/\/jadeio.com\/es\/wp-json\/wp\/v2\/types\/page"}],"author":[{"embeddable":true,"href":"https:\/\/jadeio.com\/es\/wp-json\/wp\/v2\/users\/1"}],"replies":[{"embeddable":true,"href":"https:\/\/jadeio.com\/es\/wp-json\/wp\/v2\/comments?post=30215"}],"version-history":[{"count":4,"href":"https:\/\/jadeio.com\/es\/wp-json\/wp\/v2\/pages\/30215\/revisions"}],"predecessor-version":[{"id":30220,"href":"https:\/\/jadeio.com\/es\/wp-json\/wp\/v2\/pages\/30215\/revisions\/30220"}],"wp:attachment":[{"href":"https:\/\/jadeio.com\/es\/wp-json\/wp\/v2\/media?parent=30215"}],"curies":[{"name":"wp","href":"https:\/\/api.w.org\/{rel}","templated":true}]}}