{"id":30040,"date":"2025-01-14T12:02:05","date_gmt":"2025-01-14T12:02:05","guid":{"rendered":"https:\/\/dummy.xtemos.com\/woodmart2\/marketplace2-elementor\/?page_id=19"},"modified":"2025-11-30T13:14:44","modified_gmt":"2025-11-30T13:14:44","slug":"about-us","status":"publish","type":"page","link":"https:\/\/jadeio.com\/es\/about-us\/","title":{"rendered":"About Us"},"content":{"rendered":"<div data-elementor-type=\"wp-page\" data-elementor-id=\"30040\" class=\"elementor elementor-30040\">\n\t\t\t\t<div class=\"wd-negative-gap elementor-element elementor-element-d5e289e e-flex e-con-boxed e-con e-parent\" data-id=\"d5e289e\" data-element_type=\"container\" data-e-type=\"container\">\n\t\t\t\t\t<div class=\"e-con-inner\">\n\t\t<div class=\"wd-sticky-container-lg elementor-element elementor-element-bac91b5 e-con-full wd-col-offcanvas-md-sm wd-col-offcanvas-sm e-flex wd-alignment-left e-con e-child\" data-id=\"bac91b5\" data-element_type=\"container\" data-e-type=\"container\">\n\t\t\t\t<div class=\"elementor-element elementor-element-fe05ff2 elementor-widget elementor-widget-wd_mega_menu\" data-id=\"fe05ff2\" data-element_type=\"widget\" data-e-type=\"widget\" data-widget_type=\"wd_mega_menu.default\">\n\t\t\t\t<div class=\"elementor-widget-container\">\n\t\t\t\t\t\t\t<div class=\"wd-menu widget_nav_mega_menu wd-nav-wrapper\">\n\t\t\t\t\t\t<ul id=\"menu-main-navigation\" class=\"menu wd-nav wd-nav-vertical wd-design-simple wd-gap-l\"><li id=\"menu-item-30078\" class=\"menu-item menu-item-type-post_type menu-item-object-page menu-item-home menu-item-30078 item-level-0 menu-simple-dropdown wd-event-hover\" ><a href=\"https:\/\/jadeio.com\/es\/\" class=\"woodmart-nav-link\"><span class=\"nav-link-text\">Home<\/span><\/a><\/li>\n<li id=\"menu-item-30053\" class=\"menu-item menu-item-type-post_type menu-item-object-page menu-item-30053 item-level-0 menu-simple-dropdown wd-event-hover\" ><a href=\"https:\/\/jadeio.com\/es\/about-us\/\" class=\"woodmart-nav-link\"><span class=\"nav-link-text\">About Us<\/span><\/a><\/li>\n<li id=\"menu-item-30054\" class=\"menu-item menu-item-type-post_type menu-item-object-page menu-item-30054 item-level-0 menu-simple-dropdown wd-event-hover\" ><a href=\"https:\/\/jadeio.com\/es\/contact-us\/\" class=\"woodmart-nav-link\"><span class=\"nav-link-text\">Contact Us<\/span><\/a><\/li>\n<li id=\"menu-item-30317\" class=\"trp-language-switcher-container trp-menu-ls-item trp-menu-ls-desktop current-language-menu-item menu-item menu-item-type-post_type menu-item-object-language_switcher menu-item-has-children menu-item-30317 item-level-0 menu-simple-dropdown wd-event-hover\" ><a href=\"https:\/\/jadeio.com\/es\/wp-json\/wp\/v2\/pages\/30040\" class=\"woodmart-nav-link\"><span class=\"nav-link-text\"><span class=\"trp-menu-ls-label\" data-no-translation title=\"Spanish\"><img src=\"https:\/\/jadeio.com\/wp-content\/plugins\/translatepress-multilingual\/assets\/flags\/4x3\/es_ES.svg\" class=\"trp-flag-image\" alt=\"\" role=\"presentation\" loading=\"lazy\" decoding=\"async\" width=\"18\" height=\"14\" \/> <span class=\"trp-ls-language-name\">Spanish<\/span><\/span><\/span><\/a><div class=\"color-scheme- wd-design-default wd-dropdown-menu wd-dropdown\"><div class=\"container wd-entry-content\">\n<ul class=\"wd-sub-menu color-scheme-\">\n\t<li id=\"menu-item-30314\" class=\"trp-language-switcher-container trp-menu-ls-item trp-menu-ls-desktop menu-item menu-item-type-post_type menu-item-object-language_switcher current-language-menu-item menu-item-30314 item-level-1 wd-event-hover\" ><a href=\"https:\/\/jadeio.com\/es\/wp-json\/wp\/v2\/pages\/30040\" class=\"woodmart-nav-link\"><span class=\"trp-menu-ls-label\" data-no-translation title=\"German\"><img src=\"https:\/\/jadeio.com\/wp-content\/plugins\/translatepress-multilingual\/assets\/flags\/4x3\/de_DE.svg\" class=\"trp-flag-image\" alt=\"\" role=\"presentation\" loading=\"lazy\" decoding=\"async\" width=\"18\" height=\"14\" \/> <span class=\"trp-ls-language-name\">German<\/span><\/span><\/a><\/li>\n\t<li id=\"menu-item-30316\" class=\"trp-language-switcher-container trp-menu-ls-item trp-menu-ls-desktop menu-item menu-item-type-post_type menu-item-object-language_switcher current-language-menu-item menu-item-30316 item-level-1 wd-event-hover\" ><a href=\"https:\/\/jadeio.com\/es\/wp-json\/wp\/v2\/pages\/30040\" class=\"woodmart-nav-link\"><span class=\"trp-menu-ls-label\" data-no-translation title=\"French\"><img src=\"https:\/\/jadeio.com\/wp-content\/plugins\/translatepress-multilingual\/assets\/flags\/4x3\/fr_FR.svg\" class=\"trp-flag-image\" alt=\"\" role=\"presentation\" loading=\"lazy\" decoding=\"async\" width=\"18\" height=\"14\" \/> <span class=\"trp-ls-language-name\">French<\/span><\/span><\/a><\/li>\n\t<li id=\"menu-item-30318\" class=\"trp-language-switcher-container trp-menu-ls-item trp-menu-ls-desktop menu-item menu-item-type-post_type menu-item-object-language_switcher current-language-menu-item menu-item-30318 item-level-1 wd-event-hover\" ><a href=\"https:\/\/jadeio.com\/es\/wp-json\/wp\/v2\/pages\/30040\" class=\"woodmart-nav-link\"><span class=\"trp-menu-ls-label\" data-no-translation title=\"Malay\"><img src=\"https:\/\/jadeio.com\/wp-content\/plugins\/translatepress-multilingual\/assets\/flags\/4x3\/ms_MY.svg\" class=\"trp-flag-image\" alt=\"\" role=\"presentation\" loading=\"lazy\" decoding=\"async\" width=\"18\" height=\"14\" \/> <span class=\"trp-ls-language-name\">Malay<\/span><\/span><\/a><\/li>\n\t<li id=\"menu-item-30319\" class=\"trp-language-switcher-container trp-menu-ls-item trp-menu-ls-desktop menu-item menu-item-type-post_type menu-item-object-language_switcher current-language-menu-item menu-item-30319 item-level-1 wd-event-hover\" ><a href=\"https:\/\/jadeio.com\/es\/wp-json\/wp\/v2\/pages\/30040\" class=\"woodmart-nav-link\"><span class=\"trp-menu-ls-label\" data-no-translation title=\"Chinese\"><img src=\"https:\/\/jadeio.com\/wp-content\/plugins\/translatepress-multilingual\/assets\/flags\/4x3\/zh_CN.svg\" class=\"trp-flag-image\" alt=\"\" role=\"presentation\" loading=\"lazy\" decoding=\"async\" width=\"18\" height=\"14\" \/> <span class=\"trp-ls-language-name\">Chinese<\/span><\/span><\/a><\/li>\n\t<li id=\"menu-item-30320\" class=\"trp-language-switcher-container trp-menu-ls-item trp-menu-ls-desktop menu-item menu-item-type-post_type menu-item-object-language_switcher current-language-menu-item menu-item-30320 item-level-1 wd-event-hover\" ><a href=\"https:\/\/jadeio.com\/es\/wp-json\/wp\/v2\/pages\/30040\" class=\"woodmart-nav-link\"><span class=\"trp-menu-ls-label\" data-no-translation title=\"English\"><img src=\"https:\/\/jadeio.com\/wp-content\/plugins\/translatepress-multilingual\/assets\/flags\/4x3\/en_US.svg\" class=\"trp-flag-image\" alt=\"\" role=\"presentation\" loading=\"lazy\" decoding=\"async\" width=\"18\" height=\"14\" \/> <span class=\"trp-ls-language-name\">English<\/span><\/span><\/a><\/li>\n<\/ul>\n<\/div>\n<\/div>\n<\/li>\n<\/ul>\t\t<\/div>\n\t\t\t\t\t\t<\/div>\n\t\t\t\t<\/div>\n\t\t\t\t<\/div>\n\t\t<div class=\"elementor-element elementor-element-f5faa36 e-con-full wd-col-content-md-sm wd-col-content-sm e-flex e-con e-child\" data-id=\"f5faa36\" data-element_type=\"container\" data-e-type=\"container\">\n\t\t<div class=\"elementor-element elementor-element-eae72bc e-con-full e-flex e-con e-child\" data-id=\"eae72bc\" data-element_type=\"container\" data-e-type=\"container\">\n\t\t\t\t<div class=\"elementor-element elementor-element-3fe8b90 wd-width-100 elementor-widget elementor-widget-wd_title\" data-id=\"3fe8b90\" data-element_type=\"widget\" data-e-type=\"widget\" data-widget_type=\"wd_title.default\">\n\t\t\t\t<div class=\"elementor-widget-container\">\n\t\t\t\t\t\t\t<div class=\"title-wrapper wd-set-mb reset-last-child wd-title-color-default wd-title-style-default wd-title-size-default text-center\">\n\n\t\t\t\n\t\t\t<div class=\"liner-continer\">\n\t\t\t\t<h4 class=\"woodmart-title-container title wd-fontsize-l\">\u201cEl claro oriental\u201d (\u4e1c\u65b9\u79d8\u5883)<\/h4> \n\t\t\t\t\t\t\t<\/div>\n\n\t\t\t\t\t<\/div>\n\t\t\t\t\t\t<\/div>\n\t\t\t\t<\/div>\n\t\t\t\t<\/div>\n\t\t<div class=\"elementor-element elementor-element-3844b35 e-con-full e-flex e-con e-child\" data-id=\"3844b35\" data-element_type=\"container\" data-e-type=\"container\">\n\t\t\t\t<div class=\"elementor-element elementor-element-055e623 elementor-widget elementor-widget-wd_text_block\" data-id=\"055e623\" data-element_type=\"widget\" data-e-type=\"widget\" data-widget_type=\"wd_text_block.default\">\n\t\t\t\t<div class=\"elementor-widget-container\">\n\t\t\t\t\t\t\t<div class=\"wd-text-block reset-last-child text-left\">\n\t\t\t\n\t\t\t<p>Somos una plataforma de comercio electr\u00f3nico transfronterizo dedicada a promover el arte tradicional chino y los tesoros culturales en el mercado global. Con sede en Pek\u00edn, China, nos especializamos en seleccionar cuidadosamente y ofrecer antig\u00fcedades de alta calidad, jade natural, joyer\u00eda exquisita, caligraf\u00eda y pinturas tradicionales, amuletos budistas raros y productos aut\u00e9nticos de la cultura del t\u00e9. Con nuestra experiencia profesional, rigurosos procesos de autenticaci\u00f3n y est\u00e1ndares de servicio internacionales, nos aseguramos de que cada art\u00edculo tenga un profundo valor patrimonial oriental y coleccionable.<\/p>\n\t\t\t\t\t<\/div>\n\t\t\t\t\t\t<\/div>\n\t\t\t\t<\/div>\n\t\t\t\t<div class=\"elementor-element elementor-element-20694a8 elementor-widget elementor-widget-wd_text_block\" data-id=\"20694a8\" data-element_type=\"widget\" data-e-type=\"widget\" data-widget_type=\"wd_text_block.default\">\n\t\t\t\t<div class=\"elementor-widget-container\">\n\t\t\t\t\t\t\t<div class=\"wd-text-block reset-last-child text-left\">\n\t\t\t\n\t\t\t<p>La filosof\u00eda de nuestra marca se basa en un antiguo proverbio chino: 'Haz amigos a trav\u00e9s de intereses comunes, conecta con sinceridad'. Entendemos profundamente que cada antig\u00fcedad y obra de arte lleva consigo la memoria de la historia y la maestr\u00eda de su creador. Por lo tanto, no nos limitamos a realizar transacciones, sino que construimos un puente cultural entre Oriente y Occidente. Prometemos que, con tu 'un encuentro, una amistad para toda la vida', te proporcionaremos confianza, comunicaci\u00f3n y un servicio que va m\u00e1s all\u00e1 del producto en s\u00ed.<\/p>\n\t\t\t\t\t<\/div>\n\t\t\t\t\t\t<\/div>\n\t\t\t\t<\/div>\n\t\t\t\t<\/div>\n\t\t<div class=\"elementor-element elementor-element-f5c9490 e-con-full e-flex e-con e-child\" data-id=\"f5c9490\" data-element_type=\"container\" data-e-type=\"container\">\n\t\t\t\t<div class=\"elementor-element elementor-element-2671f29 wd-width-100 elementor-widget elementor-widget-wd_open_street_map\" data-id=\"2671f29\" data-element_type=\"widget\" data-e-type=\"widget\" data-widget_type=\"wd_open_street_map.default\">\n\t\t\t\t<div class=\"elementor-widget-container\">\n\t\t\t\t\t\t\t<div class=\"wd-osm-map-container wd-map-container\">\n\t\t\t<div id=\"wd-osm-map-2671f29\" class=\"wd-osm-map-wrapper wd-map-wrapper\" data-settings=\"{&quot;zoom&quot;:15,&quot;iconUrl&quot;:&quot;https:\\\/\\\/jadeio.com\\\/wp-content\\\/themes\\\/woodmart\\\/images\\\/icons\\\/marker-icon.png&quot;,&quot;scrollWheelZoom&quot;:&quot;no&quot;,&quot;zoomControl&quot;:&quot;yes&quot;,&quot;dragging&quot;:&quot;yes&quot;,&quot;geoapify_tile&quot;:&quot;osm-carto&quot;,&quot;markers&quot;:[{&quot;marker&quot;:{&quot;_id&quot;:&quot;9e7a50d&quot;,&quot;marker_coords&quot;:&quot;39.906217, 116.3912757&quot;,&quot;marker_title&quot;:&quot;&quot;,&quot;marker_description&quot;:&quot;&quot;,&quot;marker_behavior&quot;:&quot;popup&quot;,&quot;show_button&quot;:&quot;no&quot;,&quot;button_text&quot;:null,&quot;button_url&quot;:null,&quot;button_url_target&quot;:null,&quot;image&quot;:{&quot;url&quot;:&quot;&quot;,&quot;id&quot;:&quot;&quot;,&quot;size&quot;:&quot;&quot;},&quot;image_size&quot;:[],&quot;image_custom_dimension&quot;:null},&quot;lat&quot;:&quot;39.906217&quot;,&quot;lng&quot;:&quot; 116.3912757&quot;}],&quot;center&quot;:&quot;39.906217,116.3912757&quot;,&quot;init_type&quot;:&quot;page_load&quot;}\"><\/div>\n\n\t\t\t\n\t\t\t\n\t\t\t\t\t<\/div>\n\t\t\t\t\t\t<\/div>\n\t\t\t\t<\/div>\n\t\t\t\t<\/div>\n\t\t\t\t<\/div>\n\t\t\t\t\t<\/div>\n\t\t\t\t<\/div>\n\t\t\t\t<\/div>","protected":false},"excerpt":{"rendered":"<p>Home About Us Contact Us \u201cThe Orient Glade\u201d (\u4e1c\u65b9\u79d8\u5883) We are a cross-border e-commerce platform dedicated to promoting traditional Chinese<\/p>","protected":false},"author":1,"featured_media":0,"parent":0,"menu_order":0,"comment_status":"closed","ping_status":"closed","template":"","meta":{"footnotes":""},"class_list":["post-30040","page","type-page","status-publish","hentry"],"_links":{"self":[{"href":"https:\/\/jadeio.com\/es\/wp-json\/wp\/v2\/pages\/30040","targetHints":{"allow":["GET"]}}],"collection":[{"href":"https:\/\/jadeio.com\/es\/wp-json\/wp\/v2\/pages"}],"about":[{"href":"https:\/\/jadeio.com\/es\/wp-json\/wp\/v2\/types\/page"}],"author":[{"embeddable":true,"href":"https:\/\/jadeio.com\/es\/wp-json\/wp\/v2\/users\/1"}],"replies":[{"embeddable":true,"href":"https:\/\/jadeio.com\/es\/wp-json\/wp\/v2\/comments?post=30040"}],"version-history":[{"count":6,"href":"https:\/\/jadeio.com\/es\/wp-json\/wp\/v2\/pages\/30040\/revisions"}],"predecessor-version":[{"id":30121,"href":"https:\/\/jadeio.com\/es\/wp-json\/wp\/v2\/pages\/30040\/revisions\/30121"}],"wp:attachment":[{"href":"https:\/\/jadeio.com\/es\/wp-json\/wp\/v2\/media?parent=30040"}],"curies":[{"name":"wp","href":"https:\/\/api.w.org\/{rel}","templated":true}]}}