{"id":30215,"date":"2025-11-30T17:54:58","date_gmt":"2025-11-30T17:54:58","guid":{"rendered":"https:\/\/jadeio.com\/?page_id=30215"},"modified":"2025-11-30T18:27:34","modified_gmt":"2025-11-30T18:27:34","slug":"return-policy","status":"publish","type":"page","link":"https:\/\/jadeio.com\/de\/return-policy\/","title":{"rendered":"R\u00fcckgaberecht"},"content":{"rendered":"<div data-elementor-type=\"wp-page\" data-elementor-id=\"30215\" class=\"elementor elementor-30215\">\n\t\t\t\t<div class=\"wd-negative-gap elementor-element elementor-element-7d017a4 e-flex e-con-boxed e-con e-parent\" data-id=\"7d017a4\" data-element_type=\"container\" data-e-type=\"container\">\n\t\t\t\t\t<div class=\"e-con-inner\">\n\t\t\t\t<div class=\"elementor-element elementor-element-c53e44d wd-width-100 elementor-widget elementor-widget-wd_title\" data-id=\"c53e44d\" data-element_type=\"widget\" data-e-type=\"widget\" data-widget_type=\"wd_title.default\">\n\t\t\t\t<div class=\"elementor-widget-container\">\n\t\t\t\t\t\t\t<div class=\"title-wrapper wd-set-mb reset-last-child wd-title-color-default wd-title-style-default wd-title-size-default text-center\">\n\n\t\t\t\n\t\t\t<div class=\"liner-continer\">\n\t\t\t\t<h4 class=\"woodmart-title-container title wd-fontsize-l\">R\u00fcckgaberecht<\/h4> \n\t\t\t\t\t\t\t<\/div>\n\n\t\t\t\t\t\t\t<div class=\"title-after_title reset-last-child wd-fontsize-xs\">\n\t\t\t\t\t<h1>\u00a0<\/h1>\t\t\t\t<\/div>\n\t\t\t\t\t<\/div>\n\t\t\t\t\t\t<\/div>\n\t\t\t\t<\/div>\n\t\t\t\t\t<\/div>\n\t\t\t\t<\/div>\n\t\t<div class=\"wd-negative-gap elementor-element elementor-element-4307f9f e-flex e-con-boxed e-con e-parent\" data-id=\"4307f9f\" data-element_type=\"container\" data-e-type=\"container\">\n\t\t\t\t\t<div class=\"e-con-inner\">\n\t\t\t\t<div class=\"elementor-element elementor-element-677e625 elementor-widget elementor-widget-wd_text_block\" data-id=\"677e625\" data-element_type=\"widget\" data-e-type=\"widget\" data-widget_type=\"wd_text_block.default\">\n\t\t\t\t<div class=\"elementor-widget-container\">\n\t\t\t\t\t\t\t<div class=\"wd-text-block reset-last-child text-left\">\n\t\t\t\n\t\t\t<p data-start=\"82\" data-end=\"115\"><strong data-start=\"82\" data-end=\"101\">Datum des Inkrafttretens:<\/strong> [2024]<\/p><p data-start=\"117\" data-end=\"349\">Bei <strong data-start=\"120\" data-end=\"140\">Die Orientlichtung<\/strong>, Wir m\u00f6chten, dass Sie mit Ihrem Kauf vollkommen zufrieden sind. Sollten Sie aus irgendeinem Grund mit Ihrer Bestellung nicht zufrieden sein, helfen wir Ihnen gerne bei der R\u00fcckgabe oder dem Umtausch gem\u00e4\u00df den folgenden Richtlinien.<\/p><h3 data-start=\"351\" data-end=\"385\">1. <strong data-start=\"358\" data-end=\"385\">R\u00fcckgaberecht<\/strong><\/h3><p data-start=\"386\" data-end=\"414\">Sie k\u00f6nnen eine R\u00fccksendung beantragen, wenn:<\/p><ul data-start=\"415\" data-end=\"652\"><li data-start=\"415\" data-end=\"472\"><p data-start=\"417\" data-end=\"472\">Das Produkt ist besch\u00e4digt, defekt oder entspricht nicht der Beschreibung.<\/p><\/li><li data-start=\"473\" data-end=\"534\"><p data-start=\"475\" data-end=\"534\">Sie kontaktieren uns innerhalb von <strong data-start=\"497\" data-end=\"508\">30 Tage<\/strong> ab dem Datum des Eingangs.<\/p><\/li><li data-start=\"535\" data-end=\"652\"><p data-start=\"537\" data-end=\"652\">Das Produkt ist unbenutzt, in der Originalverpackung und in wiederverkaufsf\u00e4higem Zustand (es sei denn, es wurde bei der Lieferung besch\u00e4digt).<\/p><\/li><\/ul><h3 data-start=\"654\" data-end=\"685\">2. <strong data-start=\"661\" data-end=\"685\">Nicht r\u00fcckgabef\u00e4hige Artikel<\/strong><\/h3><p data-start=\"686\" data-end=\"757\">Bestimmte Artikel sind <strong data-start=\"704\" data-end=\"722\">nicht r\u00fcckgabeberechtigt<\/strong> und <strong data-start=\"727\" data-end=\"745\">nicht erstattungsf\u00e4hig<\/strong>, einschlie\u00dflich:<\/p><ul data-start=\"758\" data-end=\"905\"><li data-start=\"758\" data-end=\"795\"><p data-start=\"760\" data-end=\"795\">Ma\u00dfgeschneiderte oder personalisierte Produkte<\/p><\/li><li data-start=\"796\" data-end=\"827\"><p data-start=\"798\" data-end=\"827\">Endg\u00fcltiger Verkauf oder Ausverkaufsartikel<\/p><\/li><li data-start=\"828\" data-end=\"840\"><p data-start=\"830\" data-end=\"840\">Geschenkkarten<\/p><\/li><li data-start=\"841\" data-end=\"905\"><p data-start=\"843\" data-end=\"905\">Artikel, die vom Kunden benutzt, ver\u00e4ndert oder besch\u00e4digt wurden<\/p><\/li><\/ul><h3 data-start=\"907\" data-end=\"939\">3. <strong data-start=\"914\" data-end=\"939\">So geben Sie einen Artikel zur\u00fcck<\/strong><\/h3><p data-start=\"940\" data-end=\"1003\">Wenn Sie einen Artikel zur\u00fccksenden m\u00f6chten, befolgen Sie bitte diese Schritte:<\/p><ol data-start=\"1004\" data-end=\"1670\"><li data-start=\"1004\" data-end=\"1148\"><p data-start=\"1007\" data-end=\"1148\"><strong data-start=\"1007\" data-end=\"1021\">Kontaktieren Sie uns<\/strong>: Senden Sie uns eine E-Mail an <strong data-start=\"1035\" data-end=\"1061\">[E-Mail-Adresse einf\u00fcgen]<\/strong> mit Ihrer Bestellnummer, den Artikeln, die Sie zur\u00fccksenden m\u00f6chten, und dem Grund f\u00fcr die R\u00fccksendung.<\/p><\/li><li data-start=\"1149\" data-end=\"1280\"><p data-start=\"1152\" data-end=\"1280\"><strong data-start=\"1152\" data-end=\"1176\">R\u00fccksendegenehmigung<\/strong>Wir pr\u00fcfen Ihre R\u00fccksendeanfrage und senden Ihnen bei Berechtigung eine R\u00fccksendegenehmigung sowie Anweisungen zu.<\/p><\/li><li data-start=\"1281\" data-end=\"1437\"><p data-start=\"1284\" data-end=\"1437\"><strong data-start=\"1284\" data-end=\"1307\">Das Produkt verpacken<\/strong>Bitte stellen Sie sicher, dass das Produkt sorgf\u00e4ltig in seinem Originalzustand verpackt ist und alle Zubeh\u00f6rteile, Etiketten und Verpackungen intakt sind.<\/p><\/li><li data-start=\"1438\" data-end=\"1670\"><p data-start=\"1441\" data-end=\"1670\"><strong data-start=\"1441\" data-end=\"1460\">R\u00fccksendung<\/strong>Sie sind f\u00fcr die Zahlung der R\u00fccksendekosten verantwortlich, es sei denn, der Artikel war defekt oder wurde falsch geliefert. Wir empfehlen Ihnen, f\u00fcr Ihre R\u00fccksendung einen nachverfolgbaren Versanddienst zu nutzen, um sicherzustellen, dass sie auch ankommt.<\/p><\/li><\/ol><h3 data-start=\"1672\" data-end=\"1690\">4. <strong data-start=\"1679\" data-end=\"1690\">R\u00fcckerstattungen<\/strong><\/h3><p data-start=\"1691\" data-end=\"1939\">Sobald wir die zur\u00fcckgesandte Ware erhalten und gepr\u00fcft haben, werden wir Ihre R\u00fcckerstattung bearbeiten. Bitte rechnen Sie mit einer Bearbeitungszeit von <strong data-start=\"1780\" data-end=\"1802\">5\u201310 Werktage<\/strong> Die R\u00fcckerstattung erfolgt \u00fcber die urspr\u00fcnglich verwendete Zahlungsmethode. Versandkosten werden nicht erstattet, es sei denn, die R\u00fccksendung erfolgt aufgrund eines Fehlers unsererseits.<\/p><ul data-start=\"1941\" data-end=\"2184\"><li data-start=\"1941\" data-end=\"2019\"><p data-start=\"1943\" data-end=\"2019\"><strong data-start=\"1943\" data-end=\"1960\">R\u00fcckerstattungsmethode<\/strong>R\u00fcckerstattungen werden \u00fcber die urspr\u00fcngliche Zahlungsmethode abgewickelt.<\/p><\/li><li data-start=\"2020\" data-end=\"2184\"><p data-start=\"2022\" data-end=\"2184\"><strong data-start=\"2022\" data-end=\"2041\">Umtauschoption<\/strong>Wenn Sie einen Umtausch anstelle einer R\u00fcckerstattung bevorzugen, kontaktieren Sie uns bitte, um die verf\u00fcgbaren Optionen zu besprechen. Umtausch ist abh\u00e4ngig von der Verf\u00fcgbarkeit des Produkts.<\/p><\/li><\/ul><h3 data-start=\"2186\" data-end=\"2223\">5. <strong data-start=\"2193\" data-end=\"2223\">Besch\u00e4digte oder defekte Artikel<\/strong><\/h3><p data-start=\"2224\" data-end=\"2417\">Wenn Ihr Artikel besch\u00e4digt oder defekt ist, benachrichtigen Sie uns bitte innerhalb von <strong data-start=\"2286\" data-end=\"2296\">7 Tage<\/strong> des Eingangs. Wir stellen Ihnen kostenlos ein R\u00fccksendeetikett zur Verf\u00fcgung und bearbeiten eine vollst\u00e4ndige R\u00fcckerstattung oder einen Ersatz.<\/p><h3 data-start=\"2419\" data-end=\"2451\">6. <strong data-start=\"2426\" data-end=\"2451\">Internationale R\u00fccksendungen<\/strong><\/h3><p data-start=\"2452\" data-end=\"2493\">F\u00fcr internationale Kunden gilt es zu beachten:<\/p><ul data-start=\"2494\" data-end=\"2743\"><li data-start=\"2494\" data-end=\"2550\"><p data-start=\"2496\" data-end=\"2550\">Die Kosten f\u00fcr die R\u00fccksendung gehen zu Ihren Lasten.<\/p><\/li><li data-start=\"2551\" data-end=\"2637\"><p data-start=\"2553\" data-end=\"2637\">Alle mit der R\u00fccksendung verbundenen Z\u00f6lle oder Steuern gehen ebenfalls zu Ihren Lasten.<\/p><\/li><li data-start=\"2638\" data-end=\"2743\"><p data-start=\"2640\" data-end=\"2743\">Wir k\u00f6nnen die Verf\u00fcgbarkeit des Produkts f\u00fcr den Umtausch nicht garantieren, und Sie erhalten m\u00f6glicherweise stattdessen eine R\u00fcckerstattung.<\/p><\/li><\/ul><h3 data-start=\"2745\" data-end=\"2766\">7. <strong data-start=\"2752\" data-end=\"2766\">Kontaktieren Sie uns<\/strong><\/h3><p data-start=\"2767\" data-end=\"2874\">Wenn Sie Fragen oder Bedenken zu unseren R\u00fcckgabebedingungen haben, wenden Sie sich bitte jederzeit an uns unter:<\/p><p data-start=\"2876\" data-end=\"3053\"><strong data-start=\"2876\" data-end=\"2886\">E-Mail:<\/strong> [<u>lishasha<\/u><u>2503@gmail.com<\/u>]<br data-start=\"2909\" data-end=\"2912\" \/><strong data-start=\"2912\" data-end=\"2922\">Telefon:<\/strong> [+85265441635]<br data-start=\"2944\" data-end=\"2947\" \/><strong data-start=\"2947\" data-end=\"2959\">Adresse:<\/strong> Raum 1610, Block D, Greenland Central Plaza, Gaomidian South, Bezirk Daxing, Peking, China<\/p>\n\t\t\t\t\t<\/div>\n\t\t\t\t\t\t<\/div>\n\t\t\t\t<\/div>\n\t\t\t\t\t<\/div>\n\t\t\t\t<\/div>\n\t\t\t\t<\/div>","protected":false},"excerpt":{"rendered":"<p>Return Policy \u00a0 Effective Date: [2024] At The Orient Glade, we want you to be completely satisfied with your purchase.<\/p>","protected":false},"author":1,"featured_media":0,"parent":0,"menu_order":0,"comment_status":"closed","ping_status":"closed","template":"","meta":{"footnotes":""},"class_list":["post-30215","page","type-page","status-publish","hentry"],"_links":{"self":[{"href":"https:\/\/jadeio.com\/de\/wp-json\/wp\/v2\/pages\/30215","targetHints":{"allow":["GET"]}}],"collection":[{"href":"https:\/\/jadeio.com\/de\/wp-json\/wp\/v2\/pages"}],"about":[{"href":"https:\/\/jadeio.com\/de\/wp-json\/wp\/v2\/types\/page"}],"author":[{"embeddable":true,"href":"https:\/\/jadeio.com\/de\/wp-json\/wp\/v2\/users\/1"}],"replies":[{"embeddable":true,"href":"https:\/\/jadeio.com\/de\/wp-json\/wp\/v2\/comments?post=30215"}],"version-history":[{"count":4,"href":"https:\/\/jadeio.com\/de\/wp-json\/wp\/v2\/pages\/30215\/revisions"}],"predecessor-version":[{"id":30220,"href":"https:\/\/jadeio.com\/de\/wp-json\/wp\/v2\/pages\/30215\/revisions\/30220"}],"wp:attachment":[{"href":"https:\/\/jadeio.com\/de\/wp-json\/wp\/v2\/media?parent=30215"}],"curies":[{"name":"wp","href":"https:\/\/api.w.org\/{rel}","templated":true}]}}