{"id":29,"date":"2025-01-14T12:03:05","date_gmt":"2025-01-14T12:03:05","guid":{"rendered":"https:\/\/dummy.xtemos.com\/woodmart2\/marketplace2-elementor\/?page_id=29"},"modified":"2025-11-30T17:44:56","modified_gmt":"2025-11-30T17:44:56","slug":"privacy-policy","status":"publish","type":"page","link":"https:\/\/jadeio.com\/de\/privacy-policy\/","title":{"rendered":"Datenschutzerkl\u00e4rung"},"content":{"rendered":"<div data-elementor-type=\"wp-page\" data-elementor-id=\"29\" class=\"elementor elementor-29\">\n\t\t\t\t<div class=\"wd-negative-gap elementor-element elementor-element-0201e91 e-flex e-con-boxed e-con e-parent\" data-id=\"0201e91\" data-element_type=\"container\" data-e-type=\"container\">\n\t\t\t\t\t<div class=\"e-con-inner\">\n\t\t\t\t<div class=\"elementor-element elementor-element-7c7d54c wd-width-100 elementor-widget elementor-widget-wd_title\" data-id=\"7c7d54c\" data-element_type=\"widget\" data-e-type=\"widget\" data-widget_type=\"wd_title.default\">\n\t\t\t\t<div class=\"elementor-widget-container\">\n\t\t\t\t\t\t\t<div class=\"title-wrapper wd-set-mb reset-last-child wd-title-color-default wd-title-style-default wd-title-size-default text-center\">\n\n\t\t\t\n\t\t\t<div class=\"liner-continer\">\n\t\t\t\t<h4 class=\"woodmart-title-container title wd-fontsize-l\">Datenschutzerkl\u00e4rung<\/h4> \n\t\t\t\t\t\t\t<\/div>\n\n\t\t\t\t\t\t\t<div class=\"title-after_title reset-last-child wd-fontsize-xs\">\n\t\t\t\t\t<h1>\u00a0<\/h1>\t\t\t\t<\/div>\n\t\t\t\t\t<\/div>\n\t\t\t\t\t\t<\/div>\n\t\t\t\t<\/div>\n\t\t\t\t\t<\/div>\n\t\t\t\t<\/div>\n\t\t<div class=\"wd-negative-gap elementor-element elementor-element-0c3ee6e e-flex e-con-boxed e-con e-parent\" data-id=\"0c3ee6e\" data-element_type=\"container\" data-e-type=\"container\">\n\t\t\t\t\t<div class=\"e-con-inner\">\n\t\t\t\t<div class=\"elementor-element elementor-element-89a0d2b elementor-widget elementor-widget-wd_text_block\" data-id=\"89a0d2b\" data-element_type=\"widget\" data-e-type=\"widget\" data-widget_type=\"wd_text_block.default\">\n\t\t\t\t<div class=\"elementor-widget-container\">\n\t\t\t\t\t\t\t<div class=\"wd-text-block reset-last-child text-left\">\n\t\t\t\n\t\t\t<p data-start=\"94\" data-end=\"127\"><strong data-start=\"94\" data-end=\"113\">Datum des Inkrafttretens:<\/strong> [2024]<\/p><p data-start=\"129\" data-end=\"436\">Willkommen bei <strong data-start=\"140\" data-end=\"160\">Die Orientlichtung<\/strong>. Wir verpflichten uns, Ihre Privatsph\u00e4re und Ihre personenbezogenen Daten zu sch\u00fctzen. Um Ihnen unsere Website, Dienstleistungen und Produkte zur Verf\u00fcgung zu stellen, erfassen und verarbeiten wir Ihre Daten. Diese Datenschutzerkl\u00e4rung erl\u00e4utert, wie wir Ihre personenbezogenen Daten erfassen, verwenden und sch\u00fctzen, und beschreibt Ihre Rechte.<\/p><h3 data-start=\"438\" data-end=\"471\">1. <strong data-start=\"445\" data-end=\"471\">Informationen, die wir sammeln<\/strong><\/h3><p data-start=\"473\" data-end=\"511\">Wir erfassen zwei Arten von Informationen:<\/p><ul data-start=\"512\" data-end=\"888\"><li data-start=\"512\" data-end=\"693\"><p data-start=\"514\" data-end=\"693\"><strong data-start=\"514\" data-end=\"539\">Pers\u00f6nliche Daten:<\/strong> Dazu geh\u00f6ren Informationen, die Sie uns bei der Nutzung unserer Dienste freiwillig zur Verf\u00fcgung stellen, wie beispielsweise Ihr Name, Ihre E-Mail-Adresse, Ihre Telefonnummer, Ihre Lieferadresse usw.<\/p><\/li><li data-start=\"694\" data-end=\"888\"><p data-start=\"696\" data-end=\"888\"><strong data-start=\"696\" data-end=\"725\">Nicht personenbezogene Daten:<\/strong> Wir erfassen automatisch bestimmte Informationen \u00fcber Ihren Besuch und Ihre Nutzung unserer Website, wie z. B. Browsertyp, IP-Adresse, Ger\u00e4teinformationen und Zugriffszeit.<\/p><\/li><\/ul><h3 data-start=\"890\" data-end=\"928\">2. <strong data-start=\"897\" data-end=\"928\">Wie wir Ihre Daten verwenden<\/strong><\/h3><p data-start=\"930\" data-end=\"966\">Wir verwenden Ihre personenbezogenen Daten f\u00fcr folgende Zwecke:<\/p><ul data-start=\"967\" data-end=\"1308\"><li data-start=\"967\" data-end=\"1034\"><p data-start=\"969\" data-end=\"1034\">Auftr\u00e4ge bearbeiten und die von Ihnen ben\u00f6tigten Produkte und Dienstleistungen bereitstellen;<\/p><\/li><li data-start=\"1035\" data-end=\"1121\"><p data-start=\"1037\" data-end=\"1121\">Ihnen Benachrichtigungen zu Bestellungen, Produktaktualisierungen oder Werbeaktionen senden;<\/p><\/li><li data-start=\"1122\" data-end=\"1175\"><p data-start=\"1124\" data-end=\"1175\">Verbesserung unserer Website, unserer Dienstleistungen und der Benutzererfahrung;<\/p><\/li><li data-start=\"1176\" data-end=\"1233\"><p data-start=\"1178\" data-end=\"1233\">Kundensupport bieten und Ihre Anfragen beantworten;<\/p><\/li><li data-start=\"1234\" data-end=\"1308\"><p data-start=\"1236\" data-end=\"1308\">Erf\u00fcllung unserer gesetzlichen Verpflichtungen und Schutz unserer Rechte gem\u00e4\u00df den gesetzlichen Bestimmungen.<\/p><\/li><\/ul><h3 data-start=\"1310\" data-end=\"1352\">3. <strong data-start=\"1317\" data-end=\"1352\">Wie wir Ihre Daten sch\u00fctzen<\/strong><\/h3><p data-start=\"1354\" data-end=\"1660\">Wir ergreifen geeignete technische und organisatorische Ma\u00dfnahmen, um Ihre personenbezogenen Daten vor unbefugtem Zugriff, Offenlegung, \u00c4nderung oder Zerst\u00f6rung zu sch\u00fctzen. Alle sensiblen Daten (wie Kreditkartendaten) werden \u00fcber verschl\u00fcsselte Kan\u00e4le \u00fcbertragen und sind nur f\u00fcr autorisiertes Personal zug\u00e4nglich.<\/p><p data-start=\"1662\" data-end=\"1856\">Obwohl wir angemessene Sicherheitsma\u00dfnahmen ergreifen, weisen wir darauf hin, dass das Internet und die Daten\u00fcbertragung nicht vollst\u00e4ndig sicher sind und wir keine absolute Sicherheit der Informationen garantieren k\u00f6nnen.<\/p><h3 data-start=\"1858\" data-end=\"1907\">4. <strong data-start=\"1865\" data-end=\"1907\">Weitergabe von Informationen an Dritte<\/strong><\/h3><p data-start=\"1909\" data-end=\"2017\">Wir verkaufen, vermieten oder geben Ihre personenbezogenen Daten nicht an Dritte weiter, au\u00dfer in den folgenden F\u00e4llen:<\/p><ul data-start=\"2018\" data-end=\"2673\"><li data-start=\"2018\" data-end=\"2372\"><p data-start=\"2020\" data-end=\"2372\"><strong data-start=\"2020\" data-end=\"2055\">Weitergabe an Dienstleister:<\/strong> Wir k\u00f6nnen Ihre Daten an Drittanbieter weitergeben, die uns bei Website-Hosting, Zahlungsabwicklung, Logistik und Kundensupport unterst\u00fctzen. Diese Dienstleister d\u00fcrfen nur in dem Umfang auf Ihre Daten zugreifen, wie es f\u00fcr die Erbringung ihrer Dienstleistungen erforderlich ist, und sind gesetzlich verpflichtet, Ihre Privatsph\u00e4re zu sch\u00fctzen.<\/p><\/li><li data-start=\"2373\" data-end=\"2517\"><p data-start=\"2375\" data-end=\"2517\"><strong data-start=\"2375\" data-end=\"2398\">Gesetzliche Anforderungen:<\/strong> Wir k\u00f6nnen Ihre personenbezogenen Daten offenlegen, um gesetzlichen Verpflichtungen, Strafverfolgungsersuchen oder gerichtlichen Anordnungen nachzukommen.<\/p><\/li><li data-start=\"2518\" data-end=\"2673\"><p data-start=\"2520\" data-end=\"2673\"><strong data-start=\"2520\" data-end=\"2543\">Unternehmens\u00fcbertragungen:<\/strong> Im Falle einer Fusion, \u00dcbernahme oder Ver\u00e4u\u00dferung von Verm\u00f6genswerten k\u00f6nnen Ihre personenbezogenen Daten im Rahmen dieser Transaktion \u00fcbertragen werden.<\/p><\/li><\/ul><h3 data-start=\"2675\" data-end=\"2697\">5. <strong data-start=\"2682\" data-end=\"2697\">Ihre Rechte<\/strong><\/h3><p data-start=\"2699\" data-end=\"2771\">Je nach den geltenden Datenschutzgesetzen haben Sie m\u00f6glicherweise die folgenden Rechte:<\/p><ul data-start=\"2772\" data-end=\"3261\"><li data-start=\"2772\" data-end=\"2840\"><p data-start=\"2774\" data-end=\"2840\"><strong data-start=\"2774\" data-end=\"2785\">Zugang:<\/strong> Beantragen Sie Zugang zu den personenbezogenen Daten, die wir \u00fcber Sie gespeichert haben.<\/p><\/li><li data-start=\"2841\" data-end=\"2925\"><p data-start=\"2843\" data-end=\"2925\"><strong data-start=\"2843\" data-end=\"2858\">Korrektur:<\/strong> Beantragen Sie die Berichtigung unrichtiger oder unvollst\u00e4ndiger personenbezogener Daten.<\/p><\/li><li data-start=\"2926\" data-end=\"3018\"><p data-start=\"2928\" data-end=\"3018\"><strong data-start=\"2928\" data-end=\"2941\">L\u00f6schung:<\/strong> Unter bestimmten Umst\u00e4nden k\u00f6nnen Sie die L\u00f6schung Ihrer personenbezogenen Daten beantragen.<\/p><\/li><li data-start=\"3019\" data-end=\"3114\"><p data-start=\"3021\" data-end=\"3114\"><strong data-start=\"3021\" data-end=\"3042\">Daten\u00fcbertragbarkeit:<\/strong> Beantragen Sie die \u00dcbertragung Ihrer personenbezogenen Daten an einen anderen Dienstleister.<\/p><\/li><li data-start=\"3115\" data-end=\"3261\"><p data-start=\"3117\" data-end=\"3261\"><strong data-start=\"3117\" data-end=\"3138\">Einwilligung widerrufen:<\/strong> Wenn Sie Ihre Einwilligung zur Verarbeitung Ihrer personenbezogenen Daten erteilt haben, haben Sie das Recht, diese Einwilligung jederzeit zu widerrufen.<\/p><\/li><\/ul><p data-start=\"3263\" data-end=\"3343\">Um diese Rechte auszu\u00fcben, kontaktieren Sie uns bitte unter <strong data-start=\"3310\" data-end=\"3342\">[Kontaktdaten einf\u00fcgen]<\/strong>.<\/p><h3 data-start=\"3345\" data-end=\"3383\">6. <strong data-start=\"3352\" data-end=\"3383\">Grenz\u00fcberschreitende Daten\u00fcbermittlungen<\/strong><\/h3><p data-start=\"3385\" data-end=\"3683\">Unsere Server befinden sich in China, aber wir bieten unsere Dienste weltweit an. Daher k\u00f6nnen Ihre personenbezogenen Daten zur Verarbeitung in andere L\u00e4nder \u00fcbertragen werden. Wir sorgen daf\u00fcr, dass angemessene Sicherheitsma\u00dfnahmen getroffen werden, um Ihre personenbezogenen Daten vor unbefugtem Zugriff oder unbefugter Offenlegung zu sch\u00fctzen.<\/p><h3 data-start=\"3685\" data-end=\"3716\">7. <strong data-start=\"3692\" data-end=\"3716\">Websites von Dritten<\/strong><\/h3><p data-start=\"3718\" data-end=\"3929\">Unsere Website kann Links zu Websites Dritter enthalten. Wir sind nicht f\u00fcr die Datenschutzrichtlinien oder Inhalte dieser Websites verantwortlich und empfehlen Ihnen, deren Datenschutzrichtlinien zu lesen, wenn Sie diese Websites besuchen.<\/p><h3 data-start=\"3931\" data-end=\"3949\">8. <strong data-start=\"3938\" data-end=\"3949\">Cookies<\/strong><\/h3><p data-start=\"3951\" data-end=\"4287\">Wir verwenden Cookies, um Ihre Website-Erfahrung zu verbessern. Cookies sind kleine Dateien, die auf Ihrem Ger\u00e4t gespeichert werden und uns dabei helfen, Ihre Browsing-Pr\u00e4ferenzen zu erkennen, den Website-Traffic zu analysieren und personalisierte Werbung anzuzeigen. Wenn Sie keine Cookies akzeptieren m\u00f6chten, k\u00f6nnen Sie diese in Ihren Browsereinstellungen deaktivieren. Dies kann jedoch Ihre Benutzererfahrung beeintr\u00e4chtigen.<\/p><h3 data-start=\"4289\" data-end=\"4322\">9. <strong data-start=\"4296\" data-end=\"4322\">\u00c4nderungen dieser Richtlinie<\/strong><\/h3><p data-start=\"4324\" data-end=\"4537\">Wir k\u00f6nnen diese Datenschutzerkl\u00e4rung von Zeit zu Zeit aktualisieren. Wir werden Sie \u00fcber alle \u00c4nderungen informieren, indem wir die aktualisierte Datenschutzerkl\u00e4rung auf dieser Seite ver\u00f6ffentlichen. Die aktualisierte Datenschutzerkl\u00e4rung tritt sofort nach ihrer Ver\u00f6ffentlichung in Kraft.<\/p><h3 data-start=\"4539\" data-end=\"4561\">10. <strong data-start=\"4547\" data-end=\"4561\">Kontaktieren Sie uns<\/strong><\/h3><p data-start=\"4563\" data-end=\"4674\">Wenn Sie Fragen oder Bedenken zu unserer Datenschutzerkl\u00e4rung oder unseren Datenschutzpraktiken haben, wenden Sie sich bitte an uns:<\/p><p data-start=\"4676\" data-end=\"4850\"><strong data-start=\"4676\" data-end=\"4686\">E-Mail:<\/strong> [<u>lishasha<\/u><u>2503@gmail.com<\/u>]<br data-start=\"4706\" data-end=\"4709\" \/><strong data-start=\"4709\" data-end=\"4719\">Telefon:<\/strong> [+85265441635]<br data-start=\"4741\" data-end=\"4744\" \/><strong data-start=\"4744\" data-end=\"4756\">Adresse:<\/strong> Raum 1610, Block D, Greenland Central Plaza, Gaomidian South, Bezirk Daxing, Peking, China<\/p>\n\t\t\t\t\t<\/div>\n\t\t\t\t\t\t<\/div>\n\t\t\t\t<\/div>\n\t\t\t\t\t<\/div>\n\t\t\t\t<\/div>\n\t\t\t\t<\/div>","protected":false},"excerpt":{"rendered":"<p>Privacy Policy \u00a0 Effective Date: [2024] Welcome to The Orient Glade. We are committed to protecting your privacy and personal<\/p>","protected":false},"author":1,"featured_media":0,"parent":0,"menu_order":0,"comment_status":"closed","ping_status":"closed","template":"","meta":{"footnotes":""},"class_list":["post-29","page","type-page","status-publish","hentry"],"_links":{"self":[{"href":"https:\/\/jadeio.com\/de\/wp-json\/wp\/v2\/pages\/29","targetHints":{"allow":["GET"]}}],"collection":[{"href":"https:\/\/jadeio.com\/de\/wp-json\/wp\/v2\/pages"}],"about":[{"href":"https:\/\/jadeio.com\/de\/wp-json\/wp\/v2\/types\/page"}],"author":[{"embeddable":true,"href":"https:\/\/jadeio.com\/de\/wp-json\/wp\/v2\/users\/1"}],"replies":[{"embeddable":true,"href":"https:\/\/jadeio.com\/de\/wp-json\/wp\/v2\/comments?post=29"}],"version-history":[{"count":4,"href":"https:\/\/jadeio.com\/de\/wp-json\/wp\/v2\/pages\/29\/revisions"}],"predecessor-version":[{"id":30213,"href":"https:\/\/jadeio.com\/de\/wp-json\/wp\/v2\/pages\/29\/revisions\/30213"}],"wp:attachment":[{"href":"https:\/\/jadeio.com\/de\/wp-json\/wp\/v2\/media?parent=29"}],"curies":[{"name":"wp","href":"https:\/\/api.w.org\/{rel}","templated":true}]}}